{"id":3968,"date":"2020-12-09T16:42:29","date_gmt":"2020-12-09T16:42:29","guid":{"rendered":"https:\/\/www.coastalha.co.uk\/?page_id=3968"},"modified":"2026-01-26T08:31:46","modified_gmt":"2026-01-26T08:31:46","slug":"profiadol","status":"publish","type":"page","link":"https:\/\/beacon.cymru\/cy\/find-a-home\/can-i-rent-with-beacon\/experian\/","title":{"rendered":"Experian"},"content":{"rendered":"<p>Nid yn unig y byddwn yn gallu gweithio&#039;n agosach gyda chi i reoli eich contract meddiannaeth presennol, bydd eich hanes blaenorol fel preswylydd yn galluogi Experian i ddefnyddio&#039;r wybodaeth a gyflenwir iddynt i gynorthwyo landlordiaid a sefydliadau eraill i:<\/p>\n<ul>\n<li>asesu a rheoli unrhyw gontractau meddiannaeth newydd y gallech ymrwymo iddynt;<\/li>\n<li>asesu eich sefyllfa ariannol er mwyn darparu cynhyrchion a gwasanaethau addas i chi;<\/li>\n<li>rheoli unrhyw gyfrifon sydd gennych eisoes, er enghraifft adolygu cynhyrchion addas neu addasu eich cynnyrch yng ngoleuni eich amgylchiadau presennol;<\/li>\n<li>cysylltu \u00e2 chi mewn perthynas ag unrhyw gyfrifon a allai fod gennych ac adennill dyledion a allai fod yn ddyledus gennych;<\/li>\n<li>gwirio eich hunaniaeth, oedran a chyfeiriad, er mwyn helpu sefydliadau eraill i wneud penderfyniadau am y gwasanaethau maen nhw&#039;n eu cynnig;<\/li>\n<li>helpu i atal troseddu, twyll a gwyngalchu arian;<\/li>\n<li>sgrinio cynigion marchnata i wneud yn si\u0175r eu bod yn briodol i&#039;ch amgylchiadau;<\/li>\n<li>i Experian ymgymryd \u00e2 dadansoddiad ystadegol, dadansoddeg a phroffilio,<\/li>\n<li>ac i Experian gynnal gweithgareddau profi systemau a chynhyrchion a phrosesu cronfeydd data, megis llwytho data, paru data a chysylltu data.<\/li>\n<\/ul>\n<p>Os hoffech weld rhagor o wybodaeth am y rhain, ac i ddeall sut mae pob un o&#039;r asiantaethau cyfeirio credyd yn defnyddio ac yn rhannu data rhent fel data biwro (gan gynnwys y buddiannau cyfreithlon y mae pob un yn eu dilyn) darperir yr wybodaeth hon yn y ddolen hon: www.experian.co.uk\/crain (Hysbysiad Gwybodaeth Asiantaethau Cyfeirio Credyd (CRAIN)). (Am gopi papur, cysylltwch \u00e2 ni neu ag Experian gan ddefnyddio&#039;r manylion cyswllt yn y llythyr hwn).<\/p>\n<p>Byddwn yn parhau i gyfnewid gwybodaeth amdanoch chi gydag Experian tra bydd gennych berthynas \u00e2 ni. Byddwn hefyd yn hysbysu Experian pan fydd eich tenantiaeth wedi dod i ben ac os oes gennych \u00f4l-ddyledion rhent heb eu talu, bydd Experian yn cofnodi&#039;r ddyled hon. Bydd Experian yn cadw eich data rhent am y terfynau amser a eglurir yn CRAIN (adran 7). Mae data rhent yn dod o dan y categor\u00efau Dynodwyr (e.e. eich enw, cyfeiriad, dyddiad geni) a chyfrif ariannol (e.e. cyfrif tenantiaeth, gwybodaeth am daliadau rhent).<\/p>\n<p>Byddwn ni ac Experian yn sicrhau bod eich gwybodaeth yn cael ei thrin yn unol \u00e2 chyfraith diogelu data&#039;r DU, fel y gallwch fod yn dawel eich meddwl y bydd yn cael ei chadw&#039;n ddiogel ac yn gyfrinachol ac na fydd eich gwybodaeth yn cael ei defnyddio at ddibenion marchnata darpar gwsmeriaid.<\/p>\n<p>Os hoffech gyngor ar sut i wella eich hanes credyd, gallwch gael cyngor annibynnol a diduedd o www.moneyadviceservice.org.uk (gallwch gael copi o&#039;ch Adroddiad Credyd Statudol drwy ymweld \u00e2 www.experian.co.uk\/consumer\/statutory-report).<\/p>\n<p>Os ydych chi&#039;n anfodlon ag unrhyw beth sy&#039;n ymwneud \u00e2 Chyfnewid Rhent, cysylltwch \u00e2 ni gan ddefnyddio&#039;r manylion cyswllt uchod. Mae gennych chi hefyd y gallu i gysylltu \u00e2 Swyddfa&#039;r Comisiynydd Gwybodaeth. Mae rhagor o wybodaeth am hyn ar gael gan ddefnyddio&#039;r ddolen hon yma: https:\/\/ico.org.uk\/concerns\/.<\/p>\n<p>&nbsp;<\/p>\n<p><span class=\"btn btn-blue btn-green\"><a href=\"https:\/\/www.coastalha.co.uk\/experian\/rental-exchange-gdpr-faqs\/\" target=\"_blank\" rel=\"attachment noopener wp-att-3972 noreferrer\">Lawrlwytho \u2013 Y Gyfnewidfa Rhentu \u2013 Cwestiynau Cyffredin GDPR<\/a><\/span><\/p>","protected":false},"excerpt":{"rendered":"<p>Not only will we be able to work with you more closely to manage your existing occupation contract, your track record as a resident will enable Experian to use the &hellip;<\/p>","protected":false},"author":4,"featured_media":3969,"parent":613,"menu_order":0,"comment_status":"closed","ping_status":"closed","template":"","meta":{"_acf_changed":false,"footnotes":""},"class_list":["post-3968","page","type-page","status-publish","has-post-thumbnail","hentry"],"acf":[],"yoast_head":"<!-- This site is optimized with the Yoast SEO plugin v27.3 - https:\/\/yoast.com\/product\/yoast-seo-wordpress\/ -->\n<title>Experian - Beacon Cymru Group Ltd.<\/title>\n<meta name=\"description\" content=\"We use Experian to check your credit history when you apply for one of our homes. This page will help you understand how your information will be used.\" \/>\n<meta name=\"robots\" content=\"index, follow, max-snippet:-1, max-image-preview:large, max-video-preview:-1\" \/>\n<link rel=\"canonical\" href=\"https:\/\/beacon.cymru\/cy\/dod-o-hyd-i-gartref\/alla-i-rentu-gyda-beacon\/profiadol\/\" \/>\n<meta property=\"og:locale\" content=\"en_US\" \/>\n<meta property=\"og:type\" content=\"article\" \/>\n<meta property=\"og:title\" content=\"Experian - Beacon Cymru Group Ltd.\" \/>\n<meta property=\"og:description\" content=\"We use Experian to check your credit history when you apply for one of our homes. This page will help you understand how your information will be used.\" \/>\n<meta property=\"og:url\" content=\"https:\/\/beacon.cymru\/cy\/dod-o-hyd-i-gartref\/alla-i-rentu-gyda-beacon\/profiadol\/\" \/>\n<meta property=\"og:site_name\" content=\"Beacon Cymru Group Ltd.\" \/>\n<meta property=\"article:publisher\" content=\"https:\/\/www.facebook.com\/beaconcymrugroup\" \/>\n<meta property=\"article:modified_time\" content=\"2026-01-26T08:31:46+00:00\" \/>\n<meta property=\"og:image\" content=\"https:\/\/beacon.cymru\/wp-content\/uploads\/2020\/12\/kelli-mcclintock-cr-Gh5A_9Nc-unsplash-scaled-1.jpg\" \/>\n\t<meta property=\"og:image:width\" content=\"2560\" \/>\n\t<meta property=\"og:image:height\" content=\"1707\" \/>\n\t<meta property=\"og:image:type\" content=\"image\/jpeg\" \/>\n<meta name=\"twitter:card\" content=\"summary_large_image\" \/>\n<meta name=\"twitter:label1\" content=\"Est. reading time\" \/>\n\t<meta name=\"twitter:data1\" content=\"3 munud\" \/>\n<script type=\"application\/ld+json\" class=\"yoast-schema-graph\">{\"@context\":\"https:\\\/\\\/schema.org\",\"@graph\":[{\"@type\":\"WebPage\",\"@id\":\"https:\\\/\\\/beacon.cymru\\\/find-a-home\\\/can-i-rent-with-beacon\\\/experian\\\/\",\"url\":\"https:\\\/\\\/beacon.cymru\\\/find-a-home\\\/can-i-rent-with-beacon\\\/experian\\\/\",\"name\":\"Experian - Beacon Cymru Group Ltd.\",\"isPartOf\":{\"@id\":\"https:\\\/\\\/beacon.cymru\\\/#website\"},\"primaryImageOfPage\":{\"@id\":\"https:\\\/\\\/beacon.cymru\\\/find-a-home\\\/can-i-rent-with-beacon\\\/experian\\\/#primaryimage\"},\"image\":{\"@id\":\"https:\\\/\\\/beacon.cymru\\\/find-a-home\\\/can-i-rent-with-beacon\\\/experian\\\/#primaryimage\"},\"thumbnailUrl\":\"https:\\\/\\\/beacon.cymru\\\/wp-content\\\/uploads\\\/2020\\\/12\\\/kelli-mcclintock-cr-Gh5A_9Nc-unsplash-scaled-1.jpg\",\"datePublished\":\"2020-12-09T16:42:29+00:00\",\"dateModified\":\"2026-01-26T08:31:46+00:00\",\"description\":\"We use Experian to check your credit history when you apply for one of our homes. This page will help you understand how your information will be used.\",\"breadcrumb\":{\"@id\":\"https:\\\/\\\/beacon.cymru\\\/find-a-home\\\/can-i-rent-with-beacon\\\/experian\\\/#breadcrumb\"},\"inLanguage\":\"cy\",\"potentialAction\":[{\"@type\":\"ReadAction\",\"target\":[\"https:\\\/\\\/beacon.cymru\\\/find-a-home\\\/can-i-rent-with-beacon\\\/experian\\\/\"]}]},{\"@type\":\"ImageObject\",\"inLanguage\":\"cy\",\"@id\":\"https:\\\/\\\/beacon.cymru\\\/find-a-home\\\/can-i-rent-with-beacon\\\/experian\\\/#primaryimage\",\"url\":\"https:\\\/\\\/beacon.cymru\\\/wp-content\\\/uploads\\\/2020\\\/12\\\/kelli-mcclintock-cr-Gh5A_9Nc-unsplash-scaled-1.jpg\",\"contentUrl\":\"https:\\\/\\\/beacon.cymru\\\/wp-content\\\/uploads\\\/2020\\\/12\\\/kelli-mcclintock-cr-Gh5A_9Nc-unsplash-scaled-1.jpg\",\"width\":2560,\"height\":1707,\"caption\":\"Looking At Phone\"},{\"@type\":\"BreadcrumbList\",\"@id\":\"https:\\\/\\\/beacon.cymru\\\/find-a-home\\\/can-i-rent-with-beacon\\\/experian\\\/#breadcrumb\",\"itemListElement\":[{\"@type\":\"ListItem\",\"position\":1,\"name\":\"Home\",\"item\":\"https:\\\/\\\/beacon.cymru\\\/\"},{\"@type\":\"ListItem\",\"position\":2,\"name\":\"Find a home\",\"item\":\"https:\\\/\\\/beacon.cymru\\\/find-a-home\\\/\"},{\"@type\":\"ListItem\",\"position\":3,\"name\":\"Can I rent with Beacon?\",\"item\":\"https:\\\/\\\/beacon.cymru\\\/find-a-home\\\/can-i-rent-with-beacon\\\/\"},{\"@type\":\"ListItem\",\"position\":4,\"name\":\"Experian\"}]},{\"@type\":\"WebSite\",\"@id\":\"https:\\\/\\\/beacon.cymru\\\/#website\",\"url\":\"https:\\\/\\\/beacon.cymru\\\/\",\"name\":\"Beacon Cymru Group Ltd.\",\"description\":\"\",\"publisher\":{\"@id\":\"https:\\\/\\\/beacon.cymru\\\/#organization\"},\"potentialAction\":[{\"@type\":\"SearchAction\",\"target\":{\"@type\":\"EntryPoint\",\"urlTemplate\":\"https:\\\/\\\/beacon.cymru\\\/?s={search_term_string}\"},\"query-input\":{\"@type\":\"PropertyValueSpecification\",\"valueRequired\":true,\"valueName\":\"search_term_string\"}}],\"inLanguage\":\"cy\"},{\"@type\":\"Organization\",\"@id\":\"https:\\\/\\\/beacon.cymru\\\/#organization\",\"name\":\"Beacon Cymru Group Ltd.\",\"url\":\"https:\\\/\\\/beacon.cymru\\\/\",\"logo\":{\"@type\":\"ImageObject\",\"inLanguage\":\"cy\",\"@id\":\"https:\\\/\\\/beacon.cymru\\\/#\\\/schema\\\/logo\\\/image\\\/\",\"url\":\"https:\\\/\\\/beacon.cymru\\\/wp-content\\\/uploads\\\/2024\\\/11\\\/BEACONlogo-03-web-cropped.jpg\",\"contentUrl\":\"https:\\\/\\\/beacon.cymru\\\/wp-content\\\/uploads\\\/2024\\\/11\\\/BEACONlogo-03-web-cropped.jpg\",\"width\":927,\"height\":413,\"caption\":\"Beacon Cymru Group Ltd.\"},\"image\":{\"@id\":\"https:\\\/\\\/beacon.cymru\\\/#\\\/schema\\\/logo\\\/image\\\/\"},\"sameAs\":[\"https:\\\/\\\/www.facebook.com\\\/beaconcymrugroup\",\"https:\\\/\\\/www.instagram.com\\\/beaconcymrugroup\",\"https:\\\/\\\/www.linkedin.com\\\/company\\\/beaconcymrugroup\"]}]}<\/script>\n<!-- \/ Yoast SEO plugin. -->","yoast_head_json":{"title":"Experian - Gr\u0175p Beacon Cymru Cyf.","description":"Rydym yn defnyddio Experian i wirio eich hanes credyd pan fyddwch yn gwneud cais am un o&#039;n cartrefi. Bydd y dudalen hon yn eich helpu i ddeall sut y bydd eich gwybodaeth yn cael ei defnyddio.","robots":{"index":"index","follow":"follow","max-snippet":"max-snippet:-1","max-image-preview":"max-image-preview:large","max-video-preview":"max-video-preview:-1"},"canonical":"https:\/\/beacon.cymru\/cy\/dod-o-hyd-i-gartref\/alla-i-rentu-gyda-beacon\/profiadol\/","og_locale":"en_US","og_type":"article","og_title":"Experian - Beacon Cymru Group Ltd.","og_description":"We use Experian to check your credit history when you apply for one of our homes. This page will help you understand how your information will be used.","og_url":"https:\/\/beacon.cymru\/cy\/dod-o-hyd-i-gartref\/alla-i-rentu-gyda-beacon\/profiadol\/","og_site_name":"Beacon Cymru Group Ltd.","article_publisher":"https:\/\/www.facebook.com\/beaconcymrugroup","article_modified_time":"2026-01-26T08:31:46+00:00","og_image":[{"width":2560,"height":1707,"url":"https:\/\/beacon.cymru\/wp-content\/uploads\/2020\/12\/kelli-mcclintock-cr-Gh5A_9Nc-unsplash-scaled-1.jpg","type":"image\/jpeg"}],"twitter_card":"summary_large_image","twitter_misc":{"Est. reading time":"3 munud"},"schema":{"@context":"https:\/\/schema.org","@graph":[{"@type":"WebPage","@id":"https:\/\/beacon.cymru\/find-a-home\/can-i-rent-with-beacon\/experian\/","url":"https:\/\/beacon.cymru\/find-a-home\/can-i-rent-with-beacon\/experian\/","name":"Experian - Gr\u0175p Beacon Cymru Cyf.","isPartOf":{"@id":"https:\/\/beacon.cymru\/#website"},"primaryImageOfPage":{"@id":"https:\/\/beacon.cymru\/find-a-home\/can-i-rent-with-beacon\/experian\/#primaryimage"},"image":{"@id":"https:\/\/beacon.cymru\/find-a-home\/can-i-rent-with-beacon\/experian\/#primaryimage"},"thumbnailUrl":"https:\/\/beacon.cymru\/wp-content\/uploads\/2020\/12\/kelli-mcclintock-cr-Gh5A_9Nc-unsplash-scaled-1.jpg","datePublished":"2020-12-09T16:42:29+00:00","dateModified":"2026-01-26T08:31:46+00:00","description":"Rydym yn defnyddio Experian i wirio eich hanes credyd pan fyddwch yn gwneud cais am un o&#039;n cartrefi. Bydd y dudalen hon yn eich helpu i ddeall sut y bydd eich gwybodaeth yn cael ei defnyddio.","breadcrumb":{"@id":"https:\/\/beacon.cymru\/find-a-home\/can-i-rent-with-beacon\/experian\/#breadcrumb"},"inLanguage":"cy","potentialAction":[{"@type":"ReadAction","target":["https:\/\/beacon.cymru\/find-a-home\/can-i-rent-with-beacon\/experian\/"]}]},{"@type":"ImageObject","inLanguage":"cy","@id":"https:\/\/beacon.cymru\/find-a-home\/can-i-rent-with-beacon\/experian\/#primaryimage","url":"https:\/\/beacon.cymru\/wp-content\/uploads\/2020\/12\/kelli-mcclintock-cr-Gh5A_9Nc-unsplash-scaled-1.jpg","contentUrl":"https:\/\/beacon.cymru\/wp-content\/uploads\/2020\/12\/kelli-mcclintock-cr-Gh5A_9Nc-unsplash-scaled-1.jpg","width":2560,"height":1707,"caption":"Looking At Phone"},{"@type":"BreadcrumbList","@id":"https:\/\/beacon.cymru\/find-a-home\/can-i-rent-with-beacon\/experian\/#breadcrumb","itemListElement":[{"@type":"ListItem","position":1,"name":"Home","item":"https:\/\/beacon.cymru\/"},{"@type":"ListItem","position":2,"name":"Find a home","item":"https:\/\/beacon.cymru\/find-a-home\/"},{"@type":"ListItem","position":3,"name":"Can I rent with Beacon?","item":"https:\/\/beacon.cymru\/find-a-home\/can-i-rent-with-beacon\/"},{"@type":"ListItem","position":4,"name":"Experian"}]},{"@type":"WebSite","@id":"https:\/\/beacon.cymru\/#website","url":"https:\/\/beacon.cymru\/","name":"Gr\u0175p Beacon Cymru Cyf.","description":"","publisher":{"@id":"https:\/\/beacon.cymru\/#organization"},"potentialAction":[{"@type":"SearchAction","target":{"@type":"EntryPoint","urlTemplate":"https:\/\/beacon.cymru\/?s={search_term_string}"},"query-input":{"@type":"PropertyValueSpecification","valueRequired":true,"valueName":"search_term_string"}}],"inLanguage":"cy"},{"@type":"Organization","@id":"https:\/\/beacon.cymru\/#organization","name":"Gr\u0175p Beacon Cymru Cyf.","url":"https:\/\/beacon.cymru\/","logo":{"@type":"ImageObject","inLanguage":"cy","@id":"https:\/\/beacon.cymru\/#\/schema\/logo\/image\/","url":"https:\/\/beacon.cymru\/wp-content\/uploads\/2024\/11\/BEACONlogo-03-web-cropped.jpg","contentUrl":"https:\/\/beacon.cymru\/wp-content\/uploads\/2024\/11\/BEACONlogo-03-web-cropped.jpg","width":927,"height":413,"caption":"Beacon Cymru Group Ltd."},"image":{"@id":"https:\/\/beacon.cymru\/#\/schema\/logo\/image\/"},"sameAs":["https:\/\/www.facebook.com\/beaconcymrugroup","https:\/\/www.instagram.com\/beaconcymrugroup","https:\/\/www.linkedin.com\/company\/beaconcymrugroup"]}]}},"_links":{"self":[{"href":"https:\/\/beacon.cymru\/cy\/wp-json\/wp\/v2\/pages\/3968","targetHints":{"allow":["GET"]}}],"collection":[{"href":"https:\/\/beacon.cymru\/cy\/wp-json\/wp\/v2\/pages"}],"about":[{"href":"https:\/\/beacon.cymru\/cy\/wp-json\/wp\/v2\/types\/page"}],"author":[{"embeddable":true,"href":"https:\/\/beacon.cymru\/cy\/wp-json\/wp\/v2\/users\/4"}],"replies":[{"embeddable":true,"href":"https:\/\/beacon.cymru\/cy\/wp-json\/wp\/v2\/comments?post=3968"}],"version-history":[{"count":0,"href":"https:\/\/beacon.cymru\/cy\/wp-json\/wp\/v2\/pages\/3968\/revisions"}],"up":[{"embeddable":true,"href":"https:\/\/beacon.cymru\/cy\/wp-json\/wp\/v2\/pages\/613"}],"wp:featuredmedia":[{"embeddable":true,"href":"https:\/\/beacon.cymru\/cy\/wp-json\/wp\/v2\/media\/3969"}],"wp:attachment":[{"href":"https:\/\/beacon.cymru\/cy\/wp-json\/wp\/v2\/media?parent=3968"}],"curies":[{"name":"wp","href":"https:\/\/api.w.org\/{rel}","templated":true}]}}