{"id":14983,"date":"2026-01-08T18:16:07","date_gmt":"2026-01-08T18:16:07","guid":{"rendered":"https:\/\/beacon.cymru\/?page_id=14983"},"modified":"2026-01-23T15:26:47","modified_gmt":"2026-01-23T15:26:47","slug":"ein-sefydliad","status":"publish","type":"page","link":"https:\/\/beacon.cymru\/cy\/our-organisation\/","title":{"rendered":"Ein Sefydliad"},"content":{"rendered":"","protected":false},"excerpt":{"rendered":"","protected":false},"author":4,"featured_media":14984,"parent":0,"menu_order":0,"comment_status":"closed","ping_status":"closed","template":"","meta":{"_acf_changed":false,"footnotes":""},"class_list":["post-14983","page","type-page","status-publish","has-post-thumbnail","hentry"],"acf":[],"yoast_head":"<!-- This site is optimized with the Yoast SEO plugin v27.3 - https:\/\/yoast.com\/product\/yoast-seo-wordpress\/ -->\n<title>Our Organisation - Beacon Cymru Group Ltd.<\/title>\n<meta name=\"description\" content=\"Find everything you need to know about Beacon, it&#039;s board and executive team and our policies.\" \/>\n<meta name=\"robots\" content=\"index, follow, max-snippet:-1, max-image-preview:large, max-video-preview:-1\" \/>\n<link rel=\"canonical\" href=\"https:\/\/beacon.cymru\/cy\/ein-sefydliad\/\" \/>\n<meta property=\"og:locale\" content=\"en_US\" \/>\n<meta property=\"og:type\" content=\"article\" \/>\n<meta property=\"og:title\" content=\"Our Organisation - Beacon Cymru Group Ltd.\" \/>\n<meta property=\"og:description\" content=\"Find everything you need to know about Beacon, it&#039;s board and executive team and our policies.\" \/>\n<meta property=\"og:url\" content=\"https:\/\/beacon.cymru\/cy\/ein-sefydliad\/\" \/>\n<meta property=\"og:site_name\" content=\"Beacon Cymru Group Ltd.\" \/>\n<meta property=\"article:publisher\" content=\"https:\/\/www.facebook.com\/beaconcymrugroup\" \/>\n<meta property=\"article:modified_time\" content=\"2026-01-23T15:26:47+00:00\" \/>\n<meta property=\"og:image\" content=\"https:\/\/beacon.cymru\/wp-content\/uploads\/2026\/01\/PXL_20250521_104829614.PORTRAIT-scaled.jpg\" \/>\n\t<meta property=\"og:image:width\" content=\"2560\" \/>\n\t<meta property=\"og:image:height\" content=\"1928\" \/>\n\t<meta property=\"og:image:type\" content=\"image\/jpeg\" \/>\n<meta name=\"twitter:card\" content=\"summary_large_image\" \/>\n<meta name=\"twitter:label1\" content=\"Est. reading time\" \/>\n\t<meta name=\"twitter:data1\" content=\"1 munud\" \/>\n<script type=\"application\/ld+json\" class=\"yoast-schema-graph\">{\"@context\":\"https:\\\/\\\/schema.org\",\"@graph\":[{\"@type\":\"WebPage\",\"@id\":\"https:\\\/\\\/beacon.cymru\\\/our-organisation\\\/\",\"url\":\"https:\\\/\\\/beacon.cymru\\\/our-organisation\\\/\",\"name\":\"Our Organisation - Beacon Cymru Group Ltd.\",\"isPartOf\":{\"@id\":\"https:\\\/\\\/beacon.cymru\\\/#website\"},\"primaryImageOfPage\":{\"@id\":\"https:\\\/\\\/beacon.cymru\\\/our-organisation\\\/#primaryimage\"},\"image\":{\"@id\":\"https:\\\/\\\/beacon.cymru\\\/our-organisation\\\/#primaryimage\"},\"thumbnailUrl\":\"https:\\\/\\\/beacon.cymru\\\/wp-content\\\/uploads\\\/2026\\\/01\\\/PXL_20250521_104829614.PORTRAIT-scaled.jpg\",\"datePublished\":\"2026-01-08T18:16:07+00:00\",\"dateModified\":\"2026-01-23T15:26:47+00:00\",\"description\":\"Find everything you need to know about Beacon, it's board and executive team and our policies.\",\"breadcrumb\":{\"@id\":\"https:\\\/\\\/beacon.cymru\\\/our-organisation\\\/#breadcrumb\"},\"inLanguage\":\"cy\",\"potentialAction\":[{\"@type\":\"ReadAction\",\"target\":[\"https:\\\/\\\/beacon.cymru\\\/our-organisation\\\/\"]}]},{\"@type\":\"ImageObject\",\"inLanguage\":\"cy\",\"@id\":\"https:\\\/\\\/beacon.cymru\\\/our-organisation\\\/#primaryimage\",\"url\":\"https:\\\/\\\/beacon.cymru\\\/wp-content\\\/uploads\\\/2026\\\/01\\\/PXL_20250521_104829614.PORTRAIT-scaled.jpg\",\"contentUrl\":\"https:\\\/\\\/beacon.cymru\\\/wp-content\\\/uploads\\\/2026\\\/01\\\/PXL_20250521_104829614.PORTRAIT-scaled.jpg\",\"width\":2560,\"height\":1928,\"caption\":\"Man sat on a chair chatting on phone\"},{\"@type\":\"BreadcrumbList\",\"@id\":\"https:\\\/\\\/beacon.cymru\\\/our-organisation\\\/#breadcrumb\",\"itemListElement\":[{\"@type\":\"ListItem\",\"position\":1,\"name\":\"Home\",\"item\":\"https:\\\/\\\/beacon.cymru\\\/\"},{\"@type\":\"ListItem\",\"position\":2,\"name\":\"Our Organisation\"}]},{\"@type\":\"WebSite\",\"@id\":\"https:\\\/\\\/beacon.cymru\\\/#website\",\"url\":\"https:\\\/\\\/beacon.cymru\\\/\",\"name\":\"Beacon Cymru Group Ltd.\",\"description\":\"\",\"publisher\":{\"@id\":\"https:\\\/\\\/beacon.cymru\\\/#organization\"},\"potentialAction\":[{\"@type\":\"SearchAction\",\"target\":{\"@type\":\"EntryPoint\",\"urlTemplate\":\"https:\\\/\\\/beacon.cymru\\\/?s={search_term_string}\"},\"query-input\":{\"@type\":\"PropertyValueSpecification\",\"valueRequired\":true,\"valueName\":\"search_term_string\"}}],\"inLanguage\":\"cy\"},{\"@type\":\"Organization\",\"@id\":\"https:\\\/\\\/beacon.cymru\\\/#organization\",\"name\":\"Beacon Cymru Group Ltd.\",\"url\":\"https:\\\/\\\/beacon.cymru\\\/\",\"logo\":{\"@type\":\"ImageObject\",\"inLanguage\":\"cy\",\"@id\":\"https:\\\/\\\/beacon.cymru\\\/#\\\/schema\\\/logo\\\/image\\\/\",\"url\":\"https:\\\/\\\/beacon.cymru\\\/wp-content\\\/uploads\\\/2024\\\/11\\\/BEACONlogo-03-web-cropped.jpg\",\"contentUrl\":\"https:\\\/\\\/beacon.cymru\\\/wp-content\\\/uploads\\\/2024\\\/11\\\/BEACONlogo-03-web-cropped.jpg\",\"width\":927,\"height\":413,\"caption\":\"Beacon Cymru Group Ltd.\"},\"image\":{\"@id\":\"https:\\\/\\\/beacon.cymru\\\/#\\\/schema\\\/logo\\\/image\\\/\"},\"sameAs\":[\"https:\\\/\\\/www.facebook.com\\\/beaconcymrugroup\",\"https:\\\/\\\/www.instagram.com\\\/beaconcymrugroup\",\"https:\\\/\\\/www.linkedin.com\\\/company\\\/beaconcymrugroup\"]}]}<\/script>\n<!-- \/ Yoast SEO plugin. -->","yoast_head_json":{"title":"Ein Sefydliad - Gr\u0175p Beacon Cymru Cyf.","description":"Dewch o hyd i bopeth sydd angen i chi ei wybod am Beacon, ei fwrdd a&#039;i d\u00eem gweithredol a&#039;n polis\u00efau.","robots":{"index":"index","follow":"follow","max-snippet":"max-snippet:-1","max-image-preview":"max-image-preview:large","max-video-preview":"max-video-preview:-1"},"canonical":"https:\/\/beacon.cymru\/cy\/ein-sefydliad\/","og_locale":"en_US","og_type":"article","og_title":"Our Organisation - Beacon Cymru Group Ltd.","og_description":"Find everything you need to know about Beacon, it's board and executive team and our policies.","og_url":"https:\/\/beacon.cymru\/cy\/ein-sefydliad\/","og_site_name":"Beacon Cymru Group Ltd.","article_publisher":"https:\/\/www.facebook.com\/beaconcymrugroup","article_modified_time":"2026-01-23T15:26:47+00:00","og_image":[{"width":2560,"height":1928,"url":"https:\/\/beacon.cymru\/wp-content\/uploads\/2026\/01\/PXL_20250521_104829614.PORTRAIT-scaled.jpg","type":"image\/jpeg"}],"twitter_card":"summary_large_image","twitter_misc":{"Est. reading time":"1 munud"},"schema":{"@context":"https:\/\/schema.org","@graph":[{"@type":"WebPage","@id":"https:\/\/beacon.cymru\/our-organisation\/","url":"https:\/\/beacon.cymru\/our-organisation\/","name":"Ein Sefydliad - Gr\u0175p Beacon Cymru Cyf.","isPartOf":{"@id":"https:\/\/beacon.cymru\/#website"},"primaryImageOfPage":{"@id":"https:\/\/beacon.cymru\/our-organisation\/#primaryimage"},"image":{"@id":"https:\/\/beacon.cymru\/our-organisation\/#primaryimage"},"thumbnailUrl":"https:\/\/beacon.cymru\/wp-content\/uploads\/2026\/01\/PXL_20250521_104829614.PORTRAIT-scaled.jpg","datePublished":"2026-01-08T18:16:07+00:00","dateModified":"2026-01-23T15:26:47+00:00","description":"Dewch o hyd i bopeth sydd angen i chi ei wybod am Beacon, ei fwrdd a&#039;i d\u00eem gweithredol a&#039;n polis\u00efau.","breadcrumb":{"@id":"https:\/\/beacon.cymru\/our-organisation\/#breadcrumb"},"inLanguage":"cy","potentialAction":[{"@type":"ReadAction","target":["https:\/\/beacon.cymru\/our-organisation\/"]}]},{"@type":"ImageObject","inLanguage":"cy","@id":"https:\/\/beacon.cymru\/our-organisation\/#primaryimage","url":"https:\/\/beacon.cymru\/wp-content\/uploads\/2026\/01\/PXL_20250521_104829614.PORTRAIT-scaled.jpg","contentUrl":"https:\/\/beacon.cymru\/wp-content\/uploads\/2026\/01\/PXL_20250521_104829614.PORTRAIT-scaled.jpg","width":2560,"height":1928,"caption":"Man sat on a chair chatting on phone"},{"@type":"BreadcrumbList","@id":"https:\/\/beacon.cymru\/our-organisation\/#breadcrumb","itemListElement":[{"@type":"ListItem","position":1,"name":"Home","item":"https:\/\/beacon.cymru\/"},{"@type":"ListItem","position":2,"name":"Our Organisation"}]},{"@type":"WebSite","@id":"https:\/\/beacon.cymru\/#website","url":"https:\/\/beacon.cymru\/","name":"Gr\u0175p Beacon Cymru Cyf.","description":"","publisher":{"@id":"https:\/\/beacon.cymru\/#organization"},"potentialAction":[{"@type":"SearchAction","target":{"@type":"EntryPoint","urlTemplate":"https:\/\/beacon.cymru\/?s={search_term_string}"},"query-input":{"@type":"PropertyValueSpecification","valueRequired":true,"valueName":"search_term_string"}}],"inLanguage":"cy"},{"@type":"Organization","@id":"https:\/\/beacon.cymru\/#organization","name":"Gr\u0175p Beacon Cymru Cyf.","url":"https:\/\/beacon.cymru\/","logo":{"@type":"ImageObject","inLanguage":"cy","@id":"https:\/\/beacon.cymru\/#\/schema\/logo\/image\/","url":"https:\/\/beacon.cymru\/wp-content\/uploads\/2024\/11\/BEACONlogo-03-web-cropped.jpg","contentUrl":"https:\/\/beacon.cymru\/wp-content\/uploads\/2024\/11\/BEACONlogo-03-web-cropped.jpg","width":927,"height":413,"caption":"Beacon Cymru Group Ltd."},"image":{"@id":"https:\/\/beacon.cymru\/#\/schema\/logo\/image\/"},"sameAs":["https:\/\/www.facebook.com\/beaconcymrugroup","https:\/\/www.instagram.com\/beaconcymrugroup","https:\/\/www.linkedin.com\/company\/beaconcymrugroup"]}]}},"_links":{"self":[{"href":"https:\/\/beacon.cymru\/cy\/wp-json\/wp\/v2\/pages\/14983","targetHints":{"allow":["GET"]}}],"collection":[{"href":"https:\/\/beacon.cymru\/cy\/wp-json\/wp\/v2\/pages"}],"about":[{"href":"https:\/\/beacon.cymru\/cy\/wp-json\/wp\/v2\/types\/page"}],"author":[{"embeddable":true,"href":"https:\/\/beacon.cymru\/cy\/wp-json\/wp\/v2\/users\/4"}],"replies":[{"embeddable":true,"href":"https:\/\/beacon.cymru\/cy\/wp-json\/wp\/v2\/comments?post=14983"}],"version-history":[{"count":0,"href":"https:\/\/beacon.cymru\/cy\/wp-json\/wp\/v2\/pages\/14983\/revisions"}],"wp:featuredmedia":[{"embeddable":true,"href":"https:\/\/beacon.cymru\/cy\/wp-json\/wp\/v2\/media\/14984"}],"wp:attachment":[{"href":"https:\/\/beacon.cymru\/cy\/wp-json\/wp\/v2\/media?parent=14983"}],"curies":[{"name":"wp","href":"https:\/\/api.w.org\/{rel}","templated":true}]}}