{"id":9900,"date":"2023-07-24T13:28:59","date_gmt":"2023-07-24T12:28:59","guid":{"rendered":"https:\/\/www.coastalha.co.uk\/?page_id=9900"},"modified":"2026-01-26T08:42:39","modified_gmt":"2026-01-26T08:42:39","slug":"85-ffordd-y-brenin","status":"publish","type":"page","link":"http:\/\/beacon.cymru\/cy\/our-developments-and-regeneration\/town-and-city-centre-placemaking\/85-kingsway\/","title":{"rendered":"85 Ffordd y Brenin"},"content":{"rendered":"","protected":false},"excerpt":{"rendered":"<p>This development brings the first green walls to Swansea and we&#8217;re now embarking on the second part of the scheme to turn the interior into office spaces.<\/p>","protected":false},"author":6,"featured_media":9902,"parent":9905,"menu_order":0,"comment_status":"closed","ping_status":"closed","template":"","meta":{"_acf_changed":false,"footnotes":""},"class_list":["post-9900","page","type-page","status-publish","has-post-thumbnail","hentry"],"acf":[],"yoast_head":"<!-- This site is optimized with the Yoast SEO plugin v27.3 - https:\/\/yoast.com\/product\/yoast-seo-wordpress\/ -->\n<title>85 Kingsway - Beacon Cymru Group Ltd.<\/title>\n<meta name=\"description\" content=\"As part of the ongoing redevelopment of the Kingsway in Swansea, Beacon partnered with the local council and Welsh Government to help deliver their green infrastructure objectives and bring the first green walls to Swansea.\" \/>\n<meta name=\"robots\" content=\"index, follow, max-snippet:-1, max-image-preview:large, max-video-preview:-1\" \/>\n<link rel=\"canonical\" href=\"https:\/\/beacon.cymru\/cy\/ein-datblygiadau-ac-adfywio\/creu-lle-canol-tref-a-dinas\/85-ffordd-y-brenin\/\" \/>\n<meta property=\"og:locale\" content=\"en_US\" \/>\n<meta property=\"og:type\" content=\"article\" \/>\n<meta property=\"og:title\" content=\"85 Kingsway - Beacon Cymru Group Ltd.\" \/>\n<meta property=\"og:description\" content=\"As part of the ongoing redevelopment of the Kingsway in Swansea, Beacon partnered with the local council and Welsh Government to help deliver their green infrastructure objectives and bring the first green walls to Swansea.\" \/>\n<meta property=\"og:url\" content=\"https:\/\/beacon.cymru\/cy\/ein-datblygiadau-ac-adfywio\/creu-lle-canol-tref-a-dinas\/85-ffordd-y-brenin\/\" \/>\n<meta property=\"og:site_name\" content=\"Beacon Cymru Group Ltd.\" \/>\n<meta property=\"article:publisher\" content=\"https:\/\/www.facebook.com\/beaconcymrugroup\" \/>\n<meta property=\"article:modified_time\" content=\"2026-01-26T08:42:39+00:00\" \/>\n<meta property=\"og:image\" content=\"https:\/\/beacon.cymru\/wp-content\/uploads\/2023\/06\/Elevation_Photo-1.jpg\" \/>\n\t<meta property=\"og:image:width\" content=\"2000\" \/>\n\t<meta property=\"og:image:height\" content=\"1500\" \/>\n\t<meta property=\"og:image:type\" content=\"image\/jpeg\" \/>\n<meta name=\"twitter:card\" content=\"summary_large_image\" \/>\n<meta name=\"twitter:label1\" content=\"Est. reading time\" \/>\n\t<meta name=\"twitter:data1\" content=\"4 munud\" \/>\n<script type=\"application\/ld+json\" class=\"yoast-schema-graph\">{\"@context\":\"https:\\\/\\\/schema.org\",\"@graph\":[{\"@type\":\"WebPage\",\"@id\":\"https:\\\/\\\/beacon.cymru\\\/our-developments-and-regeneration\\\/town-and-city-centre-placemaking\\\/85-kingsway\\\/\",\"url\":\"https:\\\/\\\/beacon.cymru\\\/our-developments-and-regeneration\\\/town-and-city-centre-placemaking\\\/85-kingsway\\\/\",\"name\":\"85 Kingsway - Beacon Cymru Group Ltd.\",\"isPartOf\":{\"@id\":\"https:\\\/\\\/beacon.cymru\\\/#website\"},\"primaryImageOfPage\":{\"@id\":\"https:\\\/\\\/beacon.cymru\\\/our-developments-and-regeneration\\\/town-and-city-centre-placemaking\\\/85-kingsway\\\/#primaryimage\"},\"image\":{\"@id\":\"https:\\\/\\\/beacon.cymru\\\/our-developments-and-regeneration\\\/town-and-city-centre-placemaking\\\/85-kingsway\\\/#primaryimage\"},\"thumbnailUrl\":\"https:\\\/\\\/beacon.cymru\\\/wp-content\\\/uploads\\\/2023\\\/06\\\/Elevation_Photo-1.jpg\",\"datePublished\":\"2023-07-24T12:28:59+00:00\",\"dateModified\":\"2026-01-26T08:42:39+00:00\",\"description\":\"As part of the ongoing redevelopment of the Kingsway in Swansea, Beacon partnered with the local council and Welsh Government to help deliver their green infrastructure objectives and bring the first green walls to Swansea.\",\"breadcrumb\":{\"@id\":\"https:\\\/\\\/beacon.cymru\\\/our-developments-and-regeneration\\\/town-and-city-centre-placemaking\\\/85-kingsway\\\/#breadcrumb\"},\"inLanguage\":\"cy\",\"potentialAction\":[{\"@type\":\"ReadAction\",\"target\":[\"https:\\\/\\\/beacon.cymru\\\/our-developments-and-regeneration\\\/town-and-city-centre-placemaking\\\/85-kingsway\\\/\"]}]},{\"@type\":\"ImageObject\",\"inLanguage\":\"cy\",\"@id\":\"https:\\\/\\\/beacon.cymru\\\/our-developments-and-regeneration\\\/town-and-city-centre-placemaking\\\/85-kingsway\\\/#primaryimage\",\"url\":\"https:\\\/\\\/beacon.cymru\\\/wp-content\\\/uploads\\\/2023\\\/06\\\/Elevation_Photo-1.jpg\",\"contentUrl\":\"https:\\\/\\\/beacon.cymru\\\/wp-content\\\/uploads\\\/2023\\\/06\\\/Elevation_Photo-1.jpg\",\"width\":2000,\"height\":1500,\"caption\":\"Upgraded external of 85 Kingsway showing living, green wall\"},{\"@type\":\"BreadcrumbList\",\"@id\":\"https:\\\/\\\/beacon.cymru\\\/our-developments-and-regeneration\\\/town-and-city-centre-placemaking\\\/85-kingsway\\\/#breadcrumb\",\"itemListElement\":[{\"@type\":\"ListItem\",\"position\":1,\"name\":\"Home\",\"item\":\"https:\\\/\\\/beacon.cymru\\\/\"},{\"@type\":\"ListItem\",\"position\":2,\"name\":\"Our Developments and Regeneration\",\"item\":\"https:\\\/\\\/beacon.cymru\\\/our-developments-and-regeneration\\\/\"},{\"@type\":\"ListItem\",\"position\":3,\"name\":\"Town and city centre placemaking\",\"item\":\"https:\\\/\\\/beacon.cymru\\\/our-developments-and-regeneration\\\/town-and-city-centre-placemaking\\\/\"},{\"@type\":\"ListItem\",\"position\":4,\"name\":\"85 Kingsway\"}]},{\"@type\":\"WebSite\",\"@id\":\"https:\\\/\\\/beacon.cymru\\\/#website\",\"url\":\"https:\\\/\\\/beacon.cymru\\\/\",\"name\":\"Beacon Cymru Group Ltd.\",\"description\":\"\",\"publisher\":{\"@id\":\"https:\\\/\\\/beacon.cymru\\\/#organization\"},\"potentialAction\":[{\"@type\":\"SearchAction\",\"target\":{\"@type\":\"EntryPoint\",\"urlTemplate\":\"https:\\\/\\\/beacon.cymru\\\/?s={search_term_string}\"},\"query-input\":{\"@type\":\"PropertyValueSpecification\",\"valueRequired\":true,\"valueName\":\"search_term_string\"}}],\"inLanguage\":\"cy\"},{\"@type\":\"Organization\",\"@id\":\"https:\\\/\\\/beacon.cymru\\\/#organization\",\"name\":\"Beacon Cymru Group Ltd.\",\"url\":\"https:\\\/\\\/beacon.cymru\\\/\",\"logo\":{\"@type\":\"ImageObject\",\"inLanguage\":\"cy\",\"@id\":\"https:\\\/\\\/beacon.cymru\\\/#\\\/schema\\\/logo\\\/image\\\/\",\"url\":\"https:\\\/\\\/beacon.cymru\\\/wp-content\\\/uploads\\\/2024\\\/11\\\/BEACONlogo-03-web-cropped.jpg\",\"contentUrl\":\"https:\\\/\\\/beacon.cymru\\\/wp-content\\\/uploads\\\/2024\\\/11\\\/BEACONlogo-03-web-cropped.jpg\",\"width\":927,\"height\":413,\"caption\":\"Beacon Cymru Group Ltd.\"},\"image\":{\"@id\":\"https:\\\/\\\/beacon.cymru\\\/#\\\/schema\\\/logo\\\/image\\\/\"},\"sameAs\":[\"https:\\\/\\\/www.facebook.com\\\/beaconcymrugroup\",\"https:\\\/\\\/www.instagram.com\\\/beaconcymrugroup\",\"https:\\\/\\\/www.linkedin.com\\\/company\\\/beaconcymrugroup\"]}]}<\/script>\n<!-- \/ Yoast SEO plugin. -->","yoast_head_json":{"title":"85 Ffordd y Brenin - Gr\u0175p Beacon Cymru Cyf.","description":"Fel rhan o ailddatblygiad parhaus Ffordd y Brenin yn Abertawe, ymunodd Beacon \u00e2&#039;r cyngor lleol a Llywodraeth Cymru i helpu i gyflawni eu hamcanion seilwaith gwyrdd a dod \u00e2&#039;r waliau gwyrdd cyntaf i Abertawe.","robots":{"index":"index","follow":"follow","max-snippet":"max-snippet:-1","max-image-preview":"max-image-preview:large","max-video-preview":"max-video-preview:-1"},"canonical":"https:\/\/beacon.cymru\/cy\/ein-datblygiadau-ac-adfywio\/creu-lle-canol-tref-a-dinas\/85-ffordd-y-brenin\/","og_locale":"en_US","og_type":"article","og_title":"85 Kingsway - Beacon Cymru Group Ltd.","og_description":"As part of the ongoing redevelopment of the Kingsway in Swansea, Beacon partnered with the local council and Welsh Government to help deliver their green infrastructure objectives and bring the first green walls to Swansea.","og_url":"https:\/\/beacon.cymru\/cy\/ein-datblygiadau-ac-adfywio\/creu-lle-canol-tref-a-dinas\/85-ffordd-y-brenin\/","og_site_name":"Beacon Cymru Group Ltd.","article_publisher":"https:\/\/www.facebook.com\/beaconcymrugroup","article_modified_time":"2026-01-26T08:42:39+00:00","og_image":[{"width":2000,"height":1500,"url":"https:\/\/beacon.cymru\/wp-content\/uploads\/2023\/06\/Elevation_Photo-1.jpg","type":"image\/jpeg"}],"twitter_card":"summary_large_image","twitter_misc":{"Est. reading time":"4 munud"},"schema":{"@context":"https:\/\/schema.org","@graph":[{"@type":"WebPage","@id":"https:\/\/beacon.cymru\/our-developments-and-regeneration\/town-and-city-centre-placemaking\/85-kingsway\/","url":"https:\/\/beacon.cymru\/our-developments-and-regeneration\/town-and-city-centre-placemaking\/85-kingsway\/","name":"85 Ffordd y Brenin - Gr\u0175p Beacon Cymru Cyf.","isPartOf":{"@id":"https:\/\/beacon.cymru\/#website"},"primaryImageOfPage":{"@id":"https:\/\/beacon.cymru\/our-developments-and-regeneration\/town-and-city-centre-placemaking\/85-kingsway\/#primaryimage"},"image":{"@id":"https:\/\/beacon.cymru\/our-developments-and-regeneration\/town-and-city-centre-placemaking\/85-kingsway\/#primaryimage"},"thumbnailUrl":"https:\/\/beacon.cymru\/wp-content\/uploads\/2023\/06\/Elevation_Photo-1.jpg","datePublished":"2023-07-24T12:28:59+00:00","dateModified":"2026-01-26T08:42:39+00:00","description":"Fel rhan o ailddatblygiad parhaus Ffordd y Brenin yn Abertawe, ymunodd Beacon \u00e2&#039;r cyngor lleol a Llywodraeth Cymru i helpu i gyflawni eu hamcanion seilwaith gwyrdd a dod \u00e2&#039;r waliau gwyrdd cyntaf i Abertawe.","breadcrumb":{"@id":"https:\/\/beacon.cymru\/our-developments-and-regeneration\/town-and-city-centre-placemaking\/85-kingsway\/#breadcrumb"},"inLanguage":"cy","potentialAction":[{"@type":"ReadAction","target":["https:\/\/beacon.cymru\/our-developments-and-regeneration\/town-and-city-centre-placemaking\/85-kingsway\/"]}]},{"@type":"ImageObject","inLanguage":"cy","@id":"https:\/\/beacon.cymru\/our-developments-and-regeneration\/town-and-city-centre-placemaking\/85-kingsway\/#primaryimage","url":"https:\/\/beacon.cymru\/wp-content\/uploads\/2023\/06\/Elevation_Photo-1.jpg","contentUrl":"https:\/\/beacon.cymru\/wp-content\/uploads\/2023\/06\/Elevation_Photo-1.jpg","width":2000,"height":1500,"caption":"Upgraded external of 85 Kingsway showing living, green wall"},{"@type":"BreadcrumbList","@id":"https:\/\/beacon.cymru\/our-developments-and-regeneration\/town-and-city-centre-placemaking\/85-kingsway\/#breadcrumb","itemListElement":[{"@type":"ListItem","position":1,"name":"Home","item":"https:\/\/beacon.cymru\/"},{"@type":"ListItem","position":2,"name":"Our Developments and Regeneration","item":"https:\/\/beacon.cymru\/our-developments-and-regeneration\/"},{"@type":"ListItem","position":3,"name":"Town and city centre placemaking","item":"https:\/\/beacon.cymru\/our-developments-and-regeneration\/town-and-city-centre-placemaking\/"},{"@type":"ListItem","position":4,"name":"85 Kingsway"}]},{"@type":"WebSite","@id":"https:\/\/beacon.cymru\/#website","url":"https:\/\/beacon.cymru\/","name":"Gr\u0175p Beacon Cymru Cyf.","description":"","publisher":{"@id":"https:\/\/beacon.cymru\/#organization"},"potentialAction":[{"@type":"SearchAction","target":{"@type":"EntryPoint","urlTemplate":"https:\/\/beacon.cymru\/?s={search_term_string}"},"query-input":{"@type":"PropertyValueSpecification","valueRequired":true,"valueName":"search_term_string"}}],"inLanguage":"cy"},{"@type":"Organization","@id":"https:\/\/beacon.cymru\/#organization","name":"Gr\u0175p Beacon Cymru Cyf.","url":"https:\/\/beacon.cymru\/","logo":{"@type":"ImageObject","inLanguage":"cy","@id":"https:\/\/beacon.cymru\/#\/schema\/logo\/image\/","url":"https:\/\/beacon.cymru\/wp-content\/uploads\/2024\/11\/BEACONlogo-03-web-cropped.jpg","contentUrl":"https:\/\/beacon.cymru\/wp-content\/uploads\/2024\/11\/BEACONlogo-03-web-cropped.jpg","width":927,"height":413,"caption":"Beacon Cymru Group Ltd."},"image":{"@id":"https:\/\/beacon.cymru\/#\/schema\/logo\/image\/"},"sameAs":["https:\/\/www.facebook.com\/beaconcymrugroup","https:\/\/www.instagram.com\/beaconcymrugroup","https:\/\/www.linkedin.com\/company\/beaconcymrugroup"]}]}},"_links":{"self":[{"href":"http:\/\/beacon.cymru\/cy\/wp-json\/wp\/v2\/pages\/9900","targetHints":{"allow":["GET"]}}],"collection":[{"href":"http:\/\/beacon.cymru\/cy\/wp-json\/wp\/v2\/pages"}],"about":[{"href":"http:\/\/beacon.cymru\/cy\/wp-json\/wp\/v2\/types\/page"}],"author":[{"embeddable":true,"href":"http:\/\/beacon.cymru\/cy\/wp-json\/wp\/v2\/users\/6"}],"replies":[{"embeddable":true,"href":"http:\/\/beacon.cymru\/cy\/wp-json\/wp\/v2\/comments?post=9900"}],"version-history":[{"count":0,"href":"http:\/\/beacon.cymru\/cy\/wp-json\/wp\/v2\/pages\/9900\/revisions"}],"up":[{"embeddable":true,"href":"http:\/\/beacon.cymru\/cy\/wp-json\/wp\/v2\/pages\/9905"}],"wp:featuredmedia":[{"embeddable":true,"href":"http:\/\/beacon.cymru\/cy\/wp-json\/wp\/v2\/media\/9902"}],"wp:attachment":[{"href":"http:\/\/beacon.cymru\/cy\/wp-json\/wp\/v2\/media?parent=9900"}],"curies":[{"name":"wp","href":"https:\/\/api.w.org\/{rel}","templated":true}]}}