{"id":123,"date":"2024-11-28T13:19:41","date_gmt":"2024-11-28T13:19:41","guid":{"rendered":"https:\/\/beacon.cymru\/?page_id=123"},"modified":"2026-03-09T11:17:14","modified_gmt":"2026-03-09T11:17:14","slug":"ein-tim-gweithredol-an-bwrdd","status":"publish","type":"page","link":"http:\/\/beacon.cymru\/cy\/our-organisation\/our-executive-team-and-board\/","title":{"rendered":"Ein T\u00eem Gweithredol a&#039;n Bwrdd"},"content":{"rendered":"<p>Mae T\u00eem Gweithredol a Bwrdd Beacon Cymru yn cydweithio i osod cyfeiriad y sefydliad a sicrhau ein bod yn aros yn driw i <a href=\"https:\/\/beacon.cymru\/cy\/ein-sefydliad\/amdanom-ni\/\">ein gweledigaeth, ein pwrpas a&#039;n goleuadau tywys<\/a>. Maent yn dod \u00e2 phrofiad amrywiol o wahanol sectorau ac wedi ymrwymo i wneud gwahaniaeth cadarnhaol trwy arweinyddiaeth gref ac atebolrwydd clir.<\/p>","protected":false},"excerpt":{"rendered":"<p>Mae T\u00eem Gweithredol a Bwrdd Beacon Cymru yn cydweithio i osod cyfeiriad y sefydliad a sicrhau ein bod yn aros yn driw i&#039;n gweledigaeth, ein pwrpas a&#039;n harweinwyr. Maent yn dod \u00e2 phrofiad amrywiol o \u2026<\/p>","protected":false},"author":2,"featured_media":15093,"parent":14983,"menu_order":0,"comment_status":"closed","ping_status":"closed","template":"","meta":{"_acf_changed":false,"footnotes":""},"class_list":["post-123","page","type-page","status-publish","has-post-thumbnail","hentry"],"acf":[],"yoast_head":"<!-- This site is optimized with the Yoast SEO plugin v27.3 - https:\/\/yoast.com\/product\/yoast-seo-wordpress\/ -->\n<title>Our Executive Team and Board - Beacon Cymru Group Ltd.<\/title>\n<meta name=\"description\" content=\"Meet our Executive Team and Board and learn how they provide leadership, strategic direction and strong governance for our organisation.\" \/>\n<meta name=\"robots\" content=\"index, follow, max-snippet:-1, max-image-preview:large, max-video-preview:-1\" \/>\n<link rel=\"canonical\" href=\"https:\/\/beacon.cymru\/cy\/ein-sefydliad\/ein-tim-gweithredol-an-bwrdd\/\" \/>\n<meta property=\"og:locale\" content=\"en_US\" \/>\n<meta property=\"og:type\" content=\"article\" \/>\n<meta property=\"og:title\" content=\"Our Executive Team and Board - Beacon Cymru Group Ltd.\" \/>\n<meta property=\"og:description\" content=\"Meet our Executive Team and Board and learn how they provide leadership, strategic direction and strong governance for our organisation.\" \/>\n<meta property=\"og:url\" content=\"https:\/\/beacon.cymru\/cy\/ein-sefydliad\/ein-tim-gweithredol-an-bwrdd\/\" \/>\n<meta property=\"og:site_name\" content=\"Beacon Cymru Group Ltd.\" \/>\n<meta property=\"article:publisher\" content=\"https:\/\/www.facebook.com\/beaconcymrugroup\" \/>\n<meta property=\"article:modified_time\" content=\"2026-03-09T11:17:14+00:00\" \/>\n<meta property=\"og:image\" content=\"https:\/\/beacon.cymru\/wp-content\/uploads\/2026\/01\/00014-Board-3rd-Dec-2025-scaled-e1770634029773.jpg\" \/>\n\t<meta property=\"og:image:width\" content=\"1920\" \/>\n\t<meta property=\"og:image:height\" content=\"1420\" \/>\n\t<meta property=\"og:image:type\" content=\"image\/jpeg\" \/>\n<meta name=\"twitter:card\" content=\"summary_large_image\" \/>\n<meta name=\"twitter:label1\" content=\"Est. reading time\" \/>\n\t<meta name=\"twitter:data1\" content=\"1 munud\" \/>\n<script type=\"application\/ld+json\" class=\"yoast-schema-graph\">{\"@context\":\"https:\\\/\\\/schema.org\",\"@graph\":[{\"@type\":\"WebPage\",\"@id\":\"https:\\\/\\\/beacon.cymru\\\/our-organisation\\\/our-executive-team-and-board\\\/\",\"url\":\"https:\\\/\\\/beacon.cymru\\\/our-organisation\\\/our-executive-team-and-board\\\/\",\"name\":\"Our Executive Team and Board - Beacon Cymru Group Ltd.\",\"isPartOf\":{\"@id\":\"https:\\\/\\\/beacon.cymru\\\/#website\"},\"primaryImageOfPage\":{\"@id\":\"https:\\\/\\\/beacon.cymru\\\/our-organisation\\\/our-executive-team-and-board\\\/#primaryimage\"},\"image\":{\"@id\":\"https:\\\/\\\/beacon.cymru\\\/our-organisation\\\/our-executive-team-and-board\\\/#primaryimage\"},\"thumbnailUrl\":\"https:\\\/\\\/beacon.cymru\\\/wp-content\\\/uploads\\\/2026\\\/01\\\/00014-Board-3rd-Dec-2025-scaled-e1770634029773.jpg\",\"datePublished\":\"2024-11-28T13:19:41+00:00\",\"dateModified\":\"2026-03-09T11:17:14+00:00\",\"description\":\"Meet our Executive Team and Board and learn how they provide leadership, strategic direction and strong governance for our organisation.\",\"breadcrumb\":{\"@id\":\"https:\\\/\\\/beacon.cymru\\\/our-organisation\\\/our-executive-team-and-board\\\/#breadcrumb\"},\"inLanguage\":\"cy\",\"potentialAction\":[{\"@type\":\"ReadAction\",\"target\":[\"https:\\\/\\\/beacon.cymru\\\/our-organisation\\\/our-executive-team-and-board\\\/\"]}]},{\"@type\":\"ImageObject\",\"inLanguage\":\"cy\",\"@id\":\"https:\\\/\\\/beacon.cymru\\\/our-organisation\\\/our-executive-team-and-board\\\/#primaryimage\",\"url\":\"https:\\\/\\\/beacon.cymru\\\/wp-content\\\/uploads\\\/2026\\\/01\\\/00014-Board-3rd-Dec-2025-scaled-e1770634029773.jpg\",\"contentUrl\":\"https:\\\/\\\/beacon.cymru\\\/wp-content\\\/uploads\\\/2026\\\/01\\\/00014-Board-3rd-Dec-2025-scaled-e1770634029773.jpg\",\"width\":1920,\"height\":1420,\"caption\":\"Peter Hughes chair of board talking to another board member\"},{\"@type\":\"BreadcrumbList\",\"@id\":\"https:\\\/\\\/beacon.cymru\\\/our-organisation\\\/our-executive-team-and-board\\\/#breadcrumb\",\"itemListElement\":[{\"@type\":\"ListItem\",\"position\":1,\"name\":\"Home\",\"item\":\"https:\\\/\\\/beacon.cymru\\\/\"},{\"@type\":\"ListItem\",\"position\":2,\"name\":\"Our Organisation\",\"item\":\"https:\\\/\\\/beacon.cymru\\\/our-organisation\\\/\"},{\"@type\":\"ListItem\",\"position\":3,\"name\":\"Our Executive Team and Board\"}]},{\"@type\":\"WebSite\",\"@id\":\"https:\\\/\\\/beacon.cymru\\\/#website\",\"url\":\"https:\\\/\\\/beacon.cymru\\\/\",\"name\":\"Beacon Cymru Group Ltd.\",\"description\":\"\",\"publisher\":{\"@id\":\"https:\\\/\\\/beacon.cymru\\\/#organization\"},\"potentialAction\":[{\"@type\":\"SearchAction\",\"target\":{\"@type\":\"EntryPoint\",\"urlTemplate\":\"https:\\\/\\\/beacon.cymru\\\/?s={search_term_string}\"},\"query-input\":{\"@type\":\"PropertyValueSpecification\",\"valueRequired\":true,\"valueName\":\"search_term_string\"}}],\"inLanguage\":\"cy\"},{\"@type\":\"Organization\",\"@id\":\"https:\\\/\\\/beacon.cymru\\\/#organization\",\"name\":\"Beacon Cymru Group Ltd.\",\"url\":\"https:\\\/\\\/beacon.cymru\\\/\",\"logo\":{\"@type\":\"ImageObject\",\"inLanguage\":\"cy\",\"@id\":\"https:\\\/\\\/beacon.cymru\\\/#\\\/schema\\\/logo\\\/image\\\/\",\"url\":\"https:\\\/\\\/beacon.cymru\\\/wp-content\\\/uploads\\\/2024\\\/11\\\/BEACONlogo-03-web-cropped.jpg\",\"contentUrl\":\"https:\\\/\\\/beacon.cymru\\\/wp-content\\\/uploads\\\/2024\\\/11\\\/BEACONlogo-03-web-cropped.jpg\",\"width\":927,\"height\":413,\"caption\":\"Beacon Cymru Group Ltd.\"},\"image\":{\"@id\":\"https:\\\/\\\/beacon.cymru\\\/#\\\/schema\\\/logo\\\/image\\\/\"},\"sameAs\":[\"https:\\\/\\\/www.facebook.com\\\/beaconcymrugroup\",\"https:\\\/\\\/www.instagram.com\\\/beaconcymrugroup\",\"https:\\\/\\\/www.linkedin.com\\\/company\\\/beaconcymrugroup\"]}]}<\/script>\n<!-- \/ Yoast SEO plugin. -->","yoast_head_json":{"title":"Ein T\u00eem Gweithredol a&#039;n Bwrdd - Gr\u0175p Beacon Cymru Cyf.","description":"Dewch i gwrdd \u00e2&#039;n T\u00eem Gweithredol a&#039;n Bwrdd a dysgu sut maen nhw&#039;n darparu arweinyddiaeth, cyfeiriad strategol a llywodraethu cryf i&#039;n sefydliad.","robots":{"index":"index","follow":"follow","max-snippet":"max-snippet:-1","max-image-preview":"max-image-preview:large","max-video-preview":"max-video-preview:-1"},"canonical":"https:\/\/beacon.cymru\/cy\/ein-sefydliad\/ein-tim-gweithredol-an-bwrdd\/","og_locale":"en_US","og_type":"article","og_title":"Our Executive Team and Board - Beacon Cymru Group Ltd.","og_description":"Meet our Executive Team and Board and learn how they provide leadership, strategic direction and strong governance for our organisation.","og_url":"https:\/\/beacon.cymru\/cy\/ein-sefydliad\/ein-tim-gweithredol-an-bwrdd\/","og_site_name":"Beacon Cymru Group Ltd.","article_publisher":"https:\/\/www.facebook.com\/beaconcymrugroup","article_modified_time":"2026-03-09T11:17:14+00:00","og_image":[{"width":1920,"height":1420,"url":"https:\/\/beacon.cymru\/wp-content\/uploads\/2026\/01\/00014-Board-3rd-Dec-2025-scaled-e1770634029773.jpg","type":"image\/jpeg"}],"twitter_card":"summary_large_image","twitter_misc":{"Est. reading time":"1 munud"},"schema":{"@context":"https:\/\/schema.org","@graph":[{"@type":"WebPage","@id":"https:\/\/beacon.cymru\/our-organisation\/our-executive-team-and-board\/","url":"https:\/\/beacon.cymru\/our-organisation\/our-executive-team-and-board\/","name":"Ein T\u00eem Gweithredol a&#039;n Bwrdd - Gr\u0175p Beacon Cymru Cyf.","isPartOf":{"@id":"https:\/\/beacon.cymru\/#website"},"primaryImageOfPage":{"@id":"https:\/\/beacon.cymru\/our-organisation\/our-executive-team-and-board\/#primaryimage"},"image":{"@id":"https:\/\/beacon.cymru\/our-organisation\/our-executive-team-and-board\/#primaryimage"},"thumbnailUrl":"https:\/\/beacon.cymru\/wp-content\/uploads\/2026\/01\/00014-Board-3rd-Dec-2025-scaled-e1770634029773.jpg","datePublished":"2024-11-28T13:19:41+00:00","dateModified":"2026-03-09T11:17:14+00:00","description":"Dewch i gwrdd \u00e2&#039;n T\u00eem Gweithredol a&#039;n Bwrdd a dysgu sut maen nhw&#039;n darparu arweinyddiaeth, cyfeiriad strategol a llywodraethu cryf i&#039;n sefydliad.","breadcrumb":{"@id":"https:\/\/beacon.cymru\/our-organisation\/our-executive-team-and-board\/#breadcrumb"},"inLanguage":"cy","potentialAction":[{"@type":"ReadAction","target":["https:\/\/beacon.cymru\/our-organisation\/our-executive-team-and-board\/"]}]},{"@type":"ImageObject","inLanguage":"cy","@id":"https:\/\/beacon.cymru\/our-organisation\/our-executive-team-and-board\/#primaryimage","url":"https:\/\/beacon.cymru\/wp-content\/uploads\/2026\/01\/00014-Board-3rd-Dec-2025-scaled-e1770634029773.jpg","contentUrl":"https:\/\/beacon.cymru\/wp-content\/uploads\/2026\/01\/00014-Board-3rd-Dec-2025-scaled-e1770634029773.jpg","width":1920,"height":1420,"caption":"Peter Hughes chair of board talking to another board member"},{"@type":"BreadcrumbList","@id":"https:\/\/beacon.cymru\/our-organisation\/our-executive-team-and-board\/#breadcrumb","itemListElement":[{"@type":"ListItem","position":1,"name":"Home","item":"https:\/\/beacon.cymru\/"},{"@type":"ListItem","position":2,"name":"Our Organisation","item":"https:\/\/beacon.cymru\/our-organisation\/"},{"@type":"ListItem","position":3,"name":"Our Executive Team and Board"}]},{"@type":"WebSite","@id":"https:\/\/beacon.cymru\/#website","url":"https:\/\/beacon.cymru\/","name":"Gr\u0175p Beacon Cymru Cyf.","description":"","publisher":{"@id":"https:\/\/beacon.cymru\/#organization"},"potentialAction":[{"@type":"SearchAction","target":{"@type":"EntryPoint","urlTemplate":"https:\/\/beacon.cymru\/?s={search_term_string}"},"query-input":{"@type":"PropertyValueSpecification","valueRequired":true,"valueName":"search_term_string"}}],"inLanguage":"cy"},{"@type":"Organization","@id":"https:\/\/beacon.cymru\/#organization","name":"Gr\u0175p Beacon Cymru Cyf.","url":"https:\/\/beacon.cymru\/","logo":{"@type":"ImageObject","inLanguage":"cy","@id":"https:\/\/beacon.cymru\/#\/schema\/logo\/image\/","url":"https:\/\/beacon.cymru\/wp-content\/uploads\/2024\/11\/BEACONlogo-03-web-cropped.jpg","contentUrl":"https:\/\/beacon.cymru\/wp-content\/uploads\/2024\/11\/BEACONlogo-03-web-cropped.jpg","width":927,"height":413,"caption":"Beacon Cymru Group Ltd."},"image":{"@id":"https:\/\/beacon.cymru\/#\/schema\/logo\/image\/"},"sameAs":["https:\/\/www.facebook.com\/beaconcymrugroup","https:\/\/www.instagram.com\/beaconcymrugroup","https:\/\/www.linkedin.com\/company\/beaconcymrugroup"]}]}},"_links":{"self":[{"href":"http:\/\/beacon.cymru\/cy\/wp-json\/wp\/v2\/pages\/123","targetHints":{"allow":["GET"]}}],"collection":[{"href":"http:\/\/beacon.cymru\/cy\/wp-json\/wp\/v2\/pages"}],"about":[{"href":"http:\/\/beacon.cymru\/cy\/wp-json\/wp\/v2\/types\/page"}],"author":[{"embeddable":true,"href":"http:\/\/beacon.cymru\/cy\/wp-json\/wp\/v2\/users\/2"}],"replies":[{"embeddable":true,"href":"http:\/\/beacon.cymru\/cy\/wp-json\/wp\/v2\/comments?post=123"}],"version-history":[{"count":0,"href":"http:\/\/beacon.cymru\/cy\/wp-json\/wp\/v2\/pages\/123\/revisions"}],"up":[{"embeddable":true,"href":"http:\/\/beacon.cymru\/cy\/wp-json\/wp\/v2\/pages\/14983"}],"wp:featuredmedia":[{"embeddable":true,"href":"http:\/\/beacon.cymru\/cy\/wp-json\/wp\/v2\/media\/15093"}],"wp:attachment":[{"href":"http:\/\/beacon.cymru\/cy\/wp-json\/wp\/v2\/media?parent=123"}],"curies":[{"name":"wp","href":"https:\/\/api.w.org\/{rel}","templated":true}]}}